{"id":475,"date":"2025-12-18T18:24:13","date_gmt":"2025-12-18T16:24:13","guid":{"rendered":"https:\/\/theatre-des-loges.fr\/?page_id=475"},"modified":"2025-12-18T19:21:05","modified_gmt":"2025-12-18T17:21:05","slug":"notre-avignon","status":"publish","type":"page","link":"https:\/\/theatre-des-loges.fr\/index.php\/notre-avignon\/","title":{"rendered":"\u00ab\u00a0Notre Avignon&#8230;\u00a0\u00bb"},"content":{"rendered":"\n<div class=\"wp-block-columns is-layout-flex wp-container-core-columns-is-layout-28f84493 wp-block-columns-is-layout-flex\">\n<div class=\"wp-block-column is-layout-flow wp-block-column-is-layout-flow\">\n<p class=\"has-drop-cap\">Dans ces p\u00e9riples des beaux jours, il est un rendez-vous que nous ne saurions manquer. Tous les ans, en effet, nous prenons nos quartiers \u00e0 Louvie-Juzon (voyez \u00ab<a href=\"https:\/\/theatre-des-loges.fr\/index.php\/lhistoire-de-la-troupe\/\" data-type=\"page\" data-id=\"21\">&nbsp;L\u2019histoire de la Troupe<\/a> \u00bb). Ce village de mille habitants est notre fief. La Troupe s\u2019y trouve,&nbsp;s\u2019y ressource, s\u2019y forcit. L\u00e0-bas, dans les jardins d\u2019une vieille maison familiale, nous retrouvons des centaines de spectatrices et de spectateurs. Certains parcourent de nombreux kilom\u00e8tres pour encourager \u00ab&nbsp;leur troupe&nbsp;\u00bb&#8230; \u00c0 Louvie-Juzon, le temps du travail et de la rencontre est possible. Ce village b\u00e9arnais est ainsi devenu, au fil des \u00e9t\u00e9s, \u00ab&nbsp;notre petit Avignon&nbsp;\u00bb, celui d\u2019un Th\u00e9\u00e2tre Populaire, un th\u00e9\u00e2tre qui ne serait pas factice.<\/p>\n<\/div>\n<\/div>\n\n\n\n<figure class=\"wp-block-image aligncenter size-full\"><img loading=\"lazy\" decoding=\"async\" width=\"927\" height=\"361\" src=\"https:\/\/theatre-des-loges.fr\/wp-content\/uploads\/2025\/12\/image-7.png\" alt=\"\" class=\"wp-image-485\" style=\"aspect-ratio:3\/2;object-fit:cover\" srcset=\"https:\/\/theatre-des-loges.fr\/wp-content\/uploads\/2025\/12\/image-7.png 927w, https:\/\/theatre-des-loges.fr\/wp-content\/uploads\/2025\/12\/image-7-300x117.png 300w, https:\/\/theatre-des-loges.fr\/wp-content\/uploads\/2025\/12\/image-7-768x299.png 768w\" sizes=\"auto, (max-width: 927px) 100vw, 927px\" \/><figcaption class=\"wp-element-caption\"><strong>Les<em> Jardins de la Grange<\/em> de Louvie-Juzon<\/strong><\/figcaption><\/figure>\n\n\n\n<figure class=\"wp-block-image aligncenter size-full is-resized\"><img loading=\"lazy\" decoding=\"async\" width=\"500\" height=\"357\" src=\"https:\/\/theatre-des-loges.fr\/wp-content\/uploads\/2025\/12\/treteau_gf.jpg\" alt=\"\" class=\"wp-image-483\" style=\"aspect-ratio:3\/2;object-fit:cover;width:720px\" srcset=\"https:\/\/theatre-des-loges.fr\/wp-content\/uploads\/2025\/12\/treteau_gf.jpg 500w, https:\/\/theatre-des-loges.fr\/wp-content\/uploads\/2025\/12\/treteau_gf-300x214.jpg 300w\" sizes=\"auto, (max-width: 500px) 100vw, 500px\" \/><figcaption class=\"wp-element-caption\"><em><strong>Notre sc\u00e8ne pour Hamlet (1997)<\/strong><\/em><\/figcaption><\/figure>\n","protected":false},"excerpt":{"rendered":"<p>Dans ces p\u00e9riples des beaux jours, il est un rendez-vous que nous ne saurions manquer. Tous les ans, en effet, nous prenons nos quartiers \u00e0 Louvie-Juzon (voyez \u00ab&nbsp;L\u2019histoire de la Troupe \u00bb). Ce village de mille habitants est notre fief. La Troupe s\u2019y trouve,&nbsp;s\u2019y ressource, s\u2019y forcit. L\u00e0-bas, dans les jardins d\u2019une vieille maison familiale, [&hellip;]<\/p>\n","protected":false},"author":1,"featured_media":0,"parent":0,"menu_order":0,"comment_status":"closed","ping_status":"closed","template":"","meta":{"footnotes":""},"class_list":["post-475","page","type-page","status-publish","hentry"],"_links":{"self":[{"href":"https:\/\/theatre-des-loges.fr\/index.php\/wp-json\/wp\/v2\/pages\/475","targetHints":{"allow":["GET"]}}],"collection":[{"href":"https:\/\/theatre-des-loges.fr\/index.php\/wp-json\/wp\/v2\/pages"}],"about":[{"href":"https:\/\/theatre-des-loges.fr\/index.php\/wp-json\/wp\/v2\/types\/page"}],"author":[{"embeddable":true,"href":"https:\/\/theatre-des-loges.fr\/index.php\/wp-json\/wp\/v2\/users\/1"}],"replies":[{"embeddable":true,"href":"https:\/\/theatre-des-loges.fr\/index.php\/wp-json\/wp\/v2\/comments?post=475"}],"version-history":[{"count":7,"href":"https:\/\/theatre-des-loges.fr\/index.php\/wp-json\/wp\/v2\/pages\/475\/revisions"}],"predecessor-version":[{"id":508,"href":"https:\/\/theatre-des-loges.fr\/index.php\/wp-json\/wp\/v2\/pages\/475\/revisions\/508"}],"wp:attachment":[{"href":"https:\/\/theatre-des-loges.fr\/index.php\/wp-json\/wp\/v2\/media?parent=475"}],"curies":[{"name":"wp","href":"https:\/\/api.w.org\/{rel}","templated":true}]}}