{"id":430,"date":"2025-12-18T18:02:39","date_gmt":"2025-12-18T16:02:39","guid":{"rendered":"https:\/\/theatre-des-loges.fr\/?page_id=430"},"modified":"2025-12-19T12:39:33","modified_gmt":"2025-12-19T10:39:33","slug":"nos-balades-estivales","status":"publish","type":"page","link":"https:\/\/theatre-des-loges.fr\/index.php\/nos-balades-estivales\/","title":{"rendered":"Nos balades estivales"},"content":{"rendered":"\n<div class=\"wp-block-columns is-layout-flex wp-container-core-columns-is-layout-28f84493 wp-block-columns-is-layout-flex\">\n<div class=\"wp-block-column is-vertically-aligned-center is-layout-flow wp-block-column-is-layout-flow\">\n<p class=\"has-drop-cap\">Depuis toujours, chaque \u00e9t\u00e9, vers quelques et villages de France, nous partons jouer nos spectacles en plein air, certains qu\u2019ils grandiront dans les vents, dans les saveurs de la nuit, dans les caprices des cieux&#8230; Un soir, nous jouons sur une place publique, dans une cour de ch\u00e2teau, celle d\u2019une ferme ou d\u2019une \u00e9cole&nbsp;; un autre dans un th\u00e9\u00e2tre de verdure, dans un parc, plus rarement sur le parvis d\u2019une \u00e9glise&#8230;<\/p>\n\n\n\n<p>Ces tourn\u00e9es, faites de joies, de surprises, d\u2019\u00e9motions, de belles rencontres, parfois d\u2019adversit\u00e9s, sont indispensables \u00e0 la coh\u00e9sion, \u00e0 la vitalit\u00e9, \u00e0 la v\u00e9rit\u00e9 m\u00eame de la Troupe. C\u2019est bien sur ces routes, sur ces sentiers que nous continuons d\u2019apprendre notre m\u00e9tier.<\/p>\n\n\n\n<p>Le plus souvent, c\u2019est \u00e0 l\u2019invitation d\u2019une municipalit\u00e9, d\u2019un festival, d\u2019une association culturelle que nous donnons nos repr\u00e9sentations. Quelquefois, des \u00ab&nbsp;Amis de la Troupe&nbsp;\u00bb nous invitent \u00e0 jouer dans leur bourg, leur hameau ou leur propri\u00e9t\u00e9&#8230; Ils nous offrent leur confiance, leur enthousiasme, ils s\u2019improvisent organisateurs&nbsp;; ils s\u2019inqui\u00e8tent de l\u2019endroit propice au spectacle&nbsp;; ils nous logent, et ils nous nourrissent. Avec eux, gr\u00e2ce \u00e0 eux, nous vivons des moments de partage chaleureux, inoubliables.<\/p>\n<\/div>\n<\/div>\n\n\n\n<figure class=\"wp-block-image aligncenter size-full is-resized\"><a href=\"https:\/\/theatre-des-loges.fr\/wp-content\/uploads\/2025\/12\/image.png\"><img loading=\"lazy\" decoding=\"async\" width=\"719\" height=\"479\" src=\"https:\/\/theatre-des-loges.fr\/wp-content\/uploads\/2025\/12\/image.png\" alt=\"\" class=\"wp-image-458\" style=\"aspect-ratio:1.5010880954299992;width:720px;height:auto\" srcset=\"https:\/\/theatre-des-loges.fr\/wp-content\/uploads\/2025\/12\/image.png 719w, https:\/\/theatre-des-loges.fr\/wp-content\/uploads\/2025\/12\/image-300x200.png 300w\" sizes=\"auto, (max-width: 719px) 100vw, 719px\" \/><\/a><figcaption class=\"wp-element-caption\"><em><strong>Installation pour Le R\u00e9vizor de Gogol (2014)<\/strong><\/em><\/figcaption><\/figure>\n\n\n\n<figure class=\"wp-block-gallery has-nested-images columns-2 is-cropped wp-block-gallery-1 is-layout-flex wp-block-gallery-is-layout-flex\" style=\"border-style:none;border-width:0px;border-top-left-radius:0px;border-top-right-radius:0px;border-bottom-left-radius:0px;border-bottom-right-radius:0px\">\n<figure class=\"wp-block-image size-large\"><a href=\"https:\/\/theatre-des-loges.fr\/wp-content\/uploads\/2025\/12\/image-3.png\"><img loading=\"lazy\" decoding=\"async\" width=\"565\" height=\"322\" data-id=\"461\" src=\"https:\/\/theatre-des-loges.fr\/wp-content\/uploads\/2025\/12\/image-3.png\" alt=\"\" class=\"wp-image-461\" srcset=\"https:\/\/theatre-des-loges.fr\/wp-content\/uploads\/2025\/12\/image-3.png 565w, https:\/\/theatre-des-loges.fr\/wp-content\/uploads\/2025\/12\/image-3-300x171.png 300w\" sizes=\"auto, (max-width: 565px) 100vw, 565px\" \/><\/a><\/figure>\n\n\n\n<figure class=\"wp-block-image size-large\"><a href=\"https:\/\/theatre-des-loges.fr\/wp-content\/uploads\/2025\/12\/Place-Abbadie-6-scaled.jpg\"><img loading=\"lazy\" decoding=\"async\" width=\"1024\" height=\"683\" data-id=\"463\" src=\"https:\/\/theatre-des-loges.fr\/wp-content\/uploads\/2025\/12\/Place-Abbadie-6-1024x683.jpg\" alt=\"\" class=\"wp-image-463\" srcset=\"https:\/\/theatre-des-loges.fr\/wp-content\/uploads\/2025\/12\/Place-Abbadie-6-1024x683.jpg 1024w, https:\/\/theatre-des-loges.fr\/wp-content\/uploads\/2025\/12\/Place-Abbadie-6-300x200.jpg 300w, https:\/\/theatre-des-loges.fr\/wp-content\/uploads\/2025\/12\/Place-Abbadie-6-768x512.jpg 768w, https:\/\/theatre-des-loges.fr\/wp-content\/uploads\/2025\/12\/Place-Abbadie-6-1536x1024.jpg 1536w, https:\/\/theatre-des-loges.fr\/wp-content\/uploads\/2025\/12\/Place-Abbadie-6-2048x1365.jpg 2048w\" sizes=\"auto, (max-width: 1024px) 100vw, 1024px\" \/><\/a><\/figure>\n\n\n\n<figure class=\"wp-block-image size-large\"><a href=\"https:\/\/theatre-des-loges.fr\/wp-content\/uploads\/2025\/12\/image-4.png\"><img loading=\"lazy\" decoding=\"async\" width=\"725\" height=\"642\" data-id=\"462\" src=\"https:\/\/theatre-des-loges.fr\/wp-content\/uploads\/2025\/12\/image-4.png\" alt=\"\" class=\"wp-image-462\" srcset=\"https:\/\/theatre-des-loges.fr\/wp-content\/uploads\/2025\/12\/image-4.png 725w, https:\/\/theatre-des-loges.fr\/wp-content\/uploads\/2025\/12\/image-4-300x266.png 300w\" sizes=\"auto, (max-width: 725px) 100vw, 725px\" \/><\/a><\/figure>\n<figcaption class=\"blocks-gallery-caption wp-element-caption\"><strong>&nbsp;<em>Nos sc\u00e8nes de bois (<strong><em>ou notre charrette<\/em><\/strong><\/em><\/strong>) <strong><em>trouvent partout une belle place&#8230;<\/em><\/strong><\/figcaption><\/figure>\n","protected":false},"excerpt":{"rendered":"<p>Depuis toujours, chaque \u00e9t\u00e9, vers quelques et villages de France, nous partons jouer nos spectacles en plein air, certains qu\u2019ils grandiront dans les vents, dans les saveurs de la nuit, dans les caprices des cieux&#8230; Un soir, nous jouons sur une place publique, dans une cour de ch\u00e2teau, celle d\u2019une ferme ou d\u2019une \u00e9cole&nbsp;; un [&hellip;]<\/p>\n","protected":false},"author":1,"featured_media":0,"parent":0,"menu_order":0,"comment_status":"closed","ping_status":"closed","template":"","meta":{"footnotes":""},"class_list":["post-430","page","type-page","status-publish","hentry"],"_links":{"self":[{"href":"https:\/\/theatre-des-loges.fr\/index.php\/wp-json\/wp\/v2\/pages\/430","targetHints":{"allow":["GET"]}}],"collection":[{"href":"https:\/\/theatre-des-loges.fr\/index.php\/wp-json\/wp\/v2\/pages"}],"about":[{"href":"https:\/\/theatre-des-loges.fr\/index.php\/wp-json\/wp\/v2\/types\/page"}],"author":[{"embeddable":true,"href":"https:\/\/theatre-des-loges.fr\/index.php\/wp-json\/wp\/v2\/users\/1"}],"replies":[{"embeddable":true,"href":"https:\/\/theatre-des-loges.fr\/index.php\/wp-json\/wp\/v2\/comments?post=430"}],"version-history":[{"count":7,"href":"https:\/\/theatre-des-loges.fr\/index.php\/wp-json\/wp\/v2\/pages\/430\/revisions"}],"predecessor-version":[{"id":537,"href":"https:\/\/theatre-des-loges.fr\/index.php\/wp-json\/wp\/v2\/pages\/430\/revisions\/537"}],"wp:attachment":[{"href":"https:\/\/theatre-des-loges.fr\/index.php\/wp-json\/wp\/v2\/media?parent=430"}],"curies":[{"name":"wp","href":"https:\/\/api.w.org\/{rel}","templated":true}]}}