{"id":18,"date":"2023-12-17T07:35:51","date_gmt":"2023-12-17T06:35:51","guid":{"rendered":"http:\/\/localhost:8080\/?page_id=18"},"modified":"2025-12-19T02:46:14","modified_gmt":"2025-12-19T00:46:14","slug":"ou-nous-trouver","status":"publish","type":"page","link":"https:\/\/theatre-des-loges.fr\/index.php\/ou-nous-trouver\/","title":{"rendered":"O\u00f9 nous trouver ?"},"content":{"rendered":"\n<div class=\"wp-block-columns is-layout-flex wp-container-core-columns-is-layout-28f84493 wp-block-columns-is-layout-flex\">\n<div class=\"wp-block-column is-layout-flow wp-block-column-is-layout-flow\">\n<p>Si vous deviez venir chez nous, \u00e0 <strong>Pantin, 49 rue des Sept-Arpents<\/strong> , rien de plus simple:<\/p>\n\n\n\n<p>Transports en commun : <\/p>\n\n\n\n<p>M\u00e9tro <strong>ligne 5, station Hoche<\/strong> \u00e0 200m. Descendre en t\u00eate de train &#8211; sortie \u00e0 droite &#8211; prendre la rue du Pr\u00e9-Saint-Gervais, puis 1\u00e8re \u00e0 droite.<\/p>\n\n\n\n<p>Tramway <strong>T3<\/strong>, arr\u00eat <strong>Porte de Pantin<\/strong> \u00e0 300m.<\/p>\n\n\n\n<p>En voiture : <strong>Porte de Pantin<\/strong> \u00e0 400m.<\/p>\n\n\n<p><div class=\"leaflet-map WPLeafletMap\" style=\"height:400px; width:100%;\"><\/div><script>\nwindow.WPLeafletMapPlugin = window.WPLeafletMapPlugin || [];\nwindow.WPLeafletMapPlugin.push(function WPLeafletMapShortcode() {\/*<script>*\/\nvar baseUrl = atob('aHR0cHM6Ly90aWxlLm9wZW5zdHJlZXRtYXAub3JnL3t6fS97eH0ve3l9LnBuZw==');\nvar base = (!baseUrl && window.MQ) ?\n    window.MQ.mapLayer() : L.tileLayer(baseUrl,\n        L.Util.extend({}, {\n            detectRetina: 0,\n        },\n        {\"subdomains\":\"abc\",\"noWrap\":false,\"maxZoom\":19}        )\n    );\n    var options = L.Util.extend({}, {\n        layers: [base],\n        attributionControl: false\n    },\n    {\"zoomControl\":false,\"scrollWheelZoom\":false,\"doubleClickZoom\":false,\"fitBounds\":false,\"minZoom\":0,\"maxZoom\":19,\"maxBounds\":null,\"attribution\":\"<a href=\\\"http:\\\/\\\/leafletjs.com\\\" title=\\\"Une biblioth\\u00e8que JS pour des cartes interactives\\\">Leaflet<\\\/a>; \\u00a9 <a href=\\\"http:\\\/\\\/www.openstreetmap.org\\\/copyright\\\">OpenStreetMap<\\\/a> contributeurs\\\/contributrices\"},\n    {});\nwindow.WPLeafletMapPlugin.createMap(options).setView([48.88979,2.402545],15);});<\/script><br \/>\n<script>\nwindow.WPLeafletMapPlugin = window.WPLeafletMapPlugin || [];\nwindow.WPLeafletMapPlugin.push(function WPLeafletMarkerShortcode() {\/*<script>*\/\nvar map = window.WPLeafletMapPlugin.getCurrentMap();\nvar group = window.WPLeafletMapPlugin.getCurrentGroup();\nvar marker_options = window.WPLeafletMapPlugin.getIconOptions({});\nvar marker = L.marker(\n    [48.88979,2.402545],\n    marker_options\n);\nvar is_image = map.is_image_map;\nif (marker_options.draggable) {\n    marker.on('dragend', function () {\n        var latlng = this.getLatLng();\n        var lat = latlng.lat;\n        var lng = latlng.lng;\n        if (is_image) {\n            console.log('leaflet-marker y=' + lat + ' x=' + lng);\n        } else {\n            console.log('leaflet-marker lat=' + lat + ' lng=' + lng);\n        }\n    });\n}\nmarker.addTo( group );\nmarker.bindPopup(window.WPLeafletMapPlugin.unescape('&lt;br \/&gt;&lt;br&gt;Th\u00e9\u00e2tre des Loges&lt;br \/&gt;&lt;br&gt;'));window.WPLeafletMapPlugin.markers.push( marker );\n        });<\/script><\/p>\n\n\n\n<p>Et pour nous joindre :<\/p>\n\n\n\n<p><strong>T\u00e9l\u00e9phone <\/strong>: 01.48.46.54.73 ou 06.15.23.80.28<\/p>\n\n\n\n<p><strong>Courriel <\/strong>: contact@theatre-des-loges.fr<\/p>\n<\/div>\n<\/div>\n\n\n\n<p><\/p>\n","protected":false},"excerpt":{"rendered":"<p>Si vous deviez venir chez nous, \u00e0 Pantin, 49 rue des Sept-Arpents , rien de plus simple: Transports en commun : M\u00e9tro ligne 5, station Hoche \u00e0 200m. Descendre en t\u00eate de train &#8211; sortie \u00e0 droite &#8211; prendre la rue du Pr\u00e9-Saint-Gervais, puis 1\u00e8re \u00e0 droite. Tramway T3, arr\u00eat Porte de Pantin \u00e0 300m. [&hellip;]<\/p>\n","protected":false},"author":1,"featured_media":0,"parent":0,"menu_order":9,"comment_status":"closed","ping_status":"closed","template":"","meta":{"footnotes":""},"class_list":["post-18","page","type-page","status-publish","hentry"],"_links":{"self":[{"href":"https:\/\/theatre-des-loges.fr\/index.php\/wp-json\/wp\/v2\/pages\/18","targetHints":{"allow":["GET"]}}],"collection":[{"href":"https:\/\/theatre-des-loges.fr\/index.php\/wp-json\/wp\/v2\/pages"}],"about":[{"href":"https:\/\/theatre-des-loges.fr\/index.php\/wp-json\/wp\/v2\/types\/page"}],"author":[{"embeddable":true,"href":"https:\/\/theatre-des-loges.fr\/index.php\/wp-json\/wp\/v2\/users\/1"}],"replies":[{"embeddable":true,"href":"https:\/\/theatre-des-loges.fr\/index.php\/wp-json\/wp\/v2\/comments?post=18"}],"version-history":[{"count":17,"href":"https:\/\/theatre-des-loges.fr\/index.php\/wp-json\/wp\/v2\/pages\/18\/revisions"}],"predecessor-version":[{"id":533,"href":"https:\/\/theatre-des-loges.fr\/index.php\/wp-json\/wp\/v2\/pages\/18\/revisions\/533"}],"wp:attachment":[{"href":"https:\/\/theatre-des-loges.fr\/index.php\/wp-json\/wp\/v2\/media?parent=18"}],"curies":[{"name":"wp","href":"https:\/\/api.w.org\/{rel}","templated":true}]}}